{"id":410,"date":"2017-11-20T15:05:36","date_gmt":"2017-11-20T09:20:36","guid":{"rendered":"https:\/\/raratheme.com\/preview\/travel-agency-pro\/about-us\/"},"modified":"2025-10-22T00:04:38","modified_gmt":"2025-10-22T00:04:38","slug":"about-us","status":"publish","type":"page","link":"https:\/\/rumitours.mistigroup.com\/en\/about-us\/","title":{"rendered":"About Us"},"content":{"rendered":"<div data-elementor-type=\"wp-page\" data-elementor-id=\"410\" class=\"elementor elementor-410\" data-elementor-post-type=\"page\">\n\t\t\t\t<div class=\"elementor-element elementor-element-49e9ef91 e-flex e-con-boxed e-con e-parent\" data-id=\"49e9ef91\" data-element_type=\"container\" data-e-type=\"container\">\n\t\t\t\t\t<div class=\"e-con-inner\">\n\t\t\t\t<div class=\"elementor-element elementor-element-792824ca elementor-widget elementor-widget-text-editor\" data-id=\"792824ca\" data-element_type=\"widget\" data-e-type=\"widget\" data-widget_type=\"text-editor.default\">\n\t\t\t\t\t\t\t\t\t<h2 data-start=\"342\" data-end=\"363\"><strong data-start=\"345\" data-end=\"363\">Sobre Nosotros<\/strong><\/h2>\n<p data-start=\"365\" data-end=\"640\">En <strong data-start=\"368\" data-end=\"382\">Rumi Tours<\/strong>, transformamos la aventura en una experiencia aut\u00e9ntica.<br data-start=\"439\" data-end=\"442\" \/>Somos una empresa arequipe\u00f1a dedicada a ofrecer paseos tur\u00edsticos en cuatrimotos por el <strong data-start=\"530\" data-end=\"563\">Parque Ecol\u00f3gico de las Rocas<\/strong>, un entorno natural que combina historia, cultura y paisajes inolvidables.<\/p>\n<p data-start=\"642\" data-end=\"930\">Nuestro prop\u00f3sito es crear momentos \u00fanicos en contacto con la tierra, el viento y la libertad del camino. Cada ruta ha sido dise\u00f1ada para garantizar <strong data-start=\"791\" data-end=\"825\">seguridad, diversi\u00f3n y emoci\u00f3n<\/strong>, permitiendo que cualquier persona \u2014sin importar su experiencia previa\u2014 pueda disfrutar del recorrido.<\/p>\n<p data-start=\"932\" data-end=\"1159\">Creemos que viajar no es solo desplazarse, sino <strong data-start=\"980\" data-end=\"1015\">conectarse con lo que nos rodea<\/strong>. Por eso, nuestros gu\u00edas locales comparten con cada visitante la esencia del lugar: sus leyendas, sus miradores naturales y su energ\u00eda \u00fanica.<\/p>\n<p data-start=\"1161\" data-end=\"1348\">Ya sea que vengas en pareja, con amigos o en familia, en Rumi Tours encontrar\u00e1s una forma distinta de descubrir Arequipa: sobre ruedas, entre rocas milenarias y bajo el cielo del Misti.<\/p>\n<p data-start=\"1350\" data-end=\"1464\"><strong data-start=\"1353\" data-end=\"1402\">Rumi Tours \u2013 Paseos Tur\u00edsticos en Cuatrimotos<\/strong><br data-start=\"1402\" data-end=\"1405\" \/>Una aventura que comienza desde el primer giro del motor.<\/p>\t\t\t\t\t\t\t\t<\/div>\n\t\t\t\t\t<\/div>\n\t\t\t\t<\/div>\n\t\t\t\t<\/div>","protected":false},"excerpt":{"rendered":"<p>Sobre Nosotros En Rumi Tours, transformamos la aventura en una experiencia aut\u00e9ntica.Somos una empresa arequipe\u00f1a dedicada a ofrecer paseos tur\u00edsticos en cuatrimotos por el Parque Ecol\u00f3gico de las Rocas, un entorno natural que combina historia, cultura y paisajes inolvidables. Nuestro prop\u00f3sito es crear momentos \u00fanicos &hellip; <\/p>","protected":false},"author":1,"featured_media":1873,"parent":0,"menu_order":0,"comment_status":"closed","ping_status":"closed","template":"","meta":{"footnotes":""},"class_list":["post-410","page","type-page","status-publish","has-post-thumbnail","hentry"],"yoast_head":"<!-- This site is optimized with the Yoast SEO plugin v27.4 - https:\/\/yoast.com\/product\/yoast-seo-wordpress\/ -->\n<title>About Us - RUMI TOURS<\/title>\n<meta name=\"robots\" content=\"index, follow, max-snippet:-1, max-image-preview:large, max-video-preview:-1\" \/>\n<link rel=\"canonical\" href=\"https:\/\/rumitours.mistigroup.com\/en\/about-us\/\" \/>\n<meta property=\"og:locale\" content=\"en_US\" \/>\n<meta property=\"og:type\" content=\"article\" \/>\n<meta property=\"og:title\" content=\"About Us - RUMI TOURS\" \/>\n<meta property=\"og:description\" content=\"Sobre Nosotros En Rumi Tours, transformamos la aventura en una experiencia aut\u00e9ntica.Somos una empresa arequipe\u00f1a dedicada a ofrecer paseos tur\u00edsticos en cuatrimotos por el Parque Ecol\u00f3gico de las Rocas, un entorno natural que combina historia, cultura y paisajes inolvidables. Nuestro prop\u00f3sito es crear momentos \u00fanicos &hellip;\" \/>\n<meta property=\"og:url\" content=\"https:\/\/rumitours.mistigroup.com\/en\/about-us\/\" \/>\n<meta property=\"og:site_name\" content=\"RUMI TOURS\" \/>\n<meta property=\"article:modified_time\" content=\"2025-10-22T00:04:38+00:00\" \/>\n<meta property=\"og:image\" content=\"http:\/\/rumitours.mistigroup.com\/wp-content\/uploads\/2025\/10\/PORTADA-RUMI-TOURS.png\" \/>\n\t<meta property=\"og:image:width\" content=\"851\" \/>\n\t<meta property=\"og:image:height\" content=\"315\" \/>\n\t<meta property=\"og:image:type\" content=\"image\/png\" \/>\n<meta name=\"twitter:card\" content=\"summary_large_image\" \/>\n<meta name=\"twitter:label1\" content=\"Est. reading time\" \/>\n\t<meta name=\"twitter:data1\" content=\"1 minute\" \/>\n<script type=\"application\/ld+json\" class=\"yoast-schema-graph\">{\"@context\":\"https:\\\/\\\/schema.org\",\"@graph\":[{\"@type\":\"WebPage\",\"@id\":\"https:\\\/\\\/rumitours.mistigroup.com\\\/about-us\\\/\",\"url\":\"https:\\\/\\\/rumitours.mistigroup.com\\\/about-us\\\/\",\"name\":\"About Us - RUMI TOURS\",\"isPartOf\":{\"@id\":\"https:\\\/\\\/rumitours.mistigroup.com\\\/#website\"},\"primaryImageOfPage\":{\"@id\":\"https:\\\/\\\/rumitours.mistigroup.com\\\/about-us\\\/#primaryimage\"},\"image\":{\"@id\":\"https:\\\/\\\/rumitours.mistigroup.com\\\/about-us\\\/#primaryimage\"},\"thumbnailUrl\":\"https:\\\/\\\/rumitours.mistigroup.com\\\/wp-content\\\/uploads\\\/2025\\\/10\\\/PORTADA-RUMI-TOURS.png\",\"datePublished\":\"2017-11-20T09:20:36+00:00\",\"dateModified\":\"2025-10-22T00:04:38+00:00\",\"breadcrumb\":{\"@id\":\"https:\\\/\\\/rumitours.mistigroup.com\\\/about-us\\\/#breadcrumb\"},\"inLanguage\":\"en-US\",\"potentialAction\":[{\"@type\":\"ReadAction\",\"target\":[\"https:\\\/\\\/rumitours.mistigroup.com\\\/about-us\\\/\"]}]},{\"@type\":\"ImageObject\",\"inLanguage\":\"en-US\",\"@id\":\"https:\\\/\\\/rumitours.mistigroup.com\\\/about-us\\\/#primaryimage\",\"url\":\"https:\\\/\\\/rumitours.mistigroup.com\\\/wp-content\\\/uploads\\\/2025\\\/10\\\/PORTADA-RUMI-TOURS.png\",\"contentUrl\":\"https:\\\/\\\/rumitours.mistigroup.com\\\/wp-content\\\/uploads\\\/2025\\\/10\\\/PORTADA-RUMI-TOURS.png\",\"width\":851,\"height\":315},{\"@type\":\"BreadcrumbList\",\"@id\":\"https:\\\/\\\/rumitours.mistigroup.com\\\/about-us\\\/#breadcrumb\",\"itemListElement\":[{\"@type\":\"ListItem\",\"position\":1,\"name\":\"Portada\",\"item\":\"https:\\\/\\\/rumitours.mistigroup.com\\\/\"},{\"@type\":\"ListItem\",\"position\":2,\"name\":\"About Us\"}]},{\"@type\":\"WebSite\",\"@id\":\"https:\\\/\\\/rumitours.mistigroup.com\\\/#website\",\"url\":\"https:\\\/\\\/rumitours.mistigroup.com\\\/\",\"name\":\"RUMI TOURS\",\"description\":\"\",\"publisher\":{\"@id\":\"https:\\\/\\\/rumitours.mistigroup.com\\\/#\\\/schema\\\/person\\\/b518b9c5f27b43c5fd69fdde85d7e8b0\"},\"potentialAction\":[{\"@type\":\"SearchAction\",\"target\":{\"@type\":\"EntryPoint\",\"urlTemplate\":\"https:\\\/\\\/rumitours.mistigroup.com\\\/?s={search_term_string}\"},\"query-input\":{\"@type\":\"PropertyValueSpecification\",\"valueRequired\":true,\"valueName\":\"search_term_string\"}}],\"inLanguage\":\"en-US\"},{\"@type\":[\"Person\",\"Organization\"],\"@id\":\"https:\\\/\\\/rumitours.mistigroup.com\\\/#\\\/schema\\\/person\\\/b518b9c5f27b43c5fd69fdde85d7e8b0\",\"name\":\"williamjeanpierre1231@gmail.com\",\"image\":{\"@type\":\"ImageObject\",\"inLanguage\":\"en-US\",\"@id\":\"https:\\\/\\\/rumitours.mistigroup.com\\\/wp-content\\\/uploads\\\/2025\\\/09\\\/RUMI-TOURS-SVG-LOGO-100x100-TRANSPARENT-1.webp\",\"url\":\"https:\\\/\\\/rumitours.mistigroup.com\\\/wp-content\\\/uploads\\\/2025\\\/09\\\/RUMI-TOURS-SVG-LOGO-100x100-TRANSPARENT-1.webp\",\"contentUrl\":\"https:\\\/\\\/rumitours.mistigroup.com\\\/wp-content\\\/uploads\\\/2025\\\/09\\\/RUMI-TOURS-SVG-LOGO-100x100-TRANSPARENT-1.webp\",\"width\":100,\"height\":100,\"caption\":\"williamjeanpierre1231@gmail.com\"},\"logo\":{\"@id\":\"https:\\\/\\\/rumitours.mistigroup.com\\\/wp-content\\\/uploads\\\/2025\\\/09\\\/RUMI-TOURS-SVG-LOGO-100x100-TRANSPARENT-1.webp\"},\"sameAs\":[\"http:\\\/\\\/rumitours.mistigroup.com\"]}]}<\/script>\n<!-- \/ Yoast SEO plugin. -->","yoast_head_json":{"title":"About Us - RUMI TOURS","robots":{"index":"index","follow":"follow","max-snippet":"max-snippet:-1","max-image-preview":"max-image-preview:large","max-video-preview":"max-video-preview:-1"},"canonical":"https:\/\/rumitours.mistigroup.com\/en\/about-us\/","og_locale":"en_US","og_type":"article","og_title":"About Us - RUMI TOURS","og_description":"Sobre Nosotros En Rumi Tours, transformamos la aventura en una experiencia aut\u00e9ntica.Somos una empresa arequipe\u00f1a dedicada a ofrecer paseos tur\u00edsticos en cuatrimotos por el Parque Ecol\u00f3gico de las Rocas, un entorno natural que combina historia, cultura y paisajes inolvidables. Nuestro prop\u00f3sito es crear momentos \u00fanicos &hellip;","og_url":"https:\/\/rumitours.mistigroup.com\/en\/about-us\/","og_site_name":"RUMI TOURS","article_modified_time":"2025-10-22T00:04:38+00:00","og_image":[{"width":851,"height":315,"url":"http:\/\/rumitours.mistigroup.com\/wp-content\/uploads\/2025\/10\/PORTADA-RUMI-TOURS.png","type":"image\/png"}],"twitter_card":"summary_large_image","twitter_misc":{"Est. reading time":"1 minute"},"schema":{"@context":"https:\/\/schema.org","@graph":[{"@type":"WebPage","@id":"https:\/\/rumitours.mistigroup.com\/about-us\/","url":"https:\/\/rumitours.mistigroup.com\/about-us\/","name":"About Us - RUMI TOURS","isPartOf":{"@id":"https:\/\/rumitours.mistigroup.com\/#website"},"primaryImageOfPage":{"@id":"https:\/\/rumitours.mistigroup.com\/about-us\/#primaryimage"},"image":{"@id":"https:\/\/rumitours.mistigroup.com\/about-us\/#primaryimage"},"thumbnailUrl":"https:\/\/rumitours.mistigroup.com\/wp-content\/uploads\/2025\/10\/PORTADA-RUMI-TOURS.png","datePublished":"2017-11-20T09:20:36+00:00","dateModified":"2025-10-22T00:04:38+00:00","breadcrumb":{"@id":"https:\/\/rumitours.mistigroup.com\/about-us\/#breadcrumb"},"inLanguage":"en-US","potentialAction":[{"@type":"ReadAction","target":["https:\/\/rumitours.mistigroup.com\/about-us\/"]}]},{"@type":"ImageObject","inLanguage":"en-US","@id":"https:\/\/rumitours.mistigroup.com\/about-us\/#primaryimage","url":"https:\/\/rumitours.mistigroup.com\/wp-content\/uploads\/2025\/10\/PORTADA-RUMI-TOURS.png","contentUrl":"https:\/\/rumitours.mistigroup.com\/wp-content\/uploads\/2025\/10\/PORTADA-RUMI-TOURS.png","width":851,"height":315},{"@type":"BreadcrumbList","@id":"https:\/\/rumitours.mistigroup.com\/about-us\/#breadcrumb","itemListElement":[{"@type":"ListItem","position":1,"name":"Portada","item":"https:\/\/rumitours.mistigroup.com\/"},{"@type":"ListItem","position":2,"name":"About Us"}]},{"@type":"WebSite","@id":"https:\/\/rumitours.mistigroup.com\/#website","url":"https:\/\/rumitours.mistigroup.com\/","name":"RUMI TOURS","description":"","publisher":{"@id":"https:\/\/rumitours.mistigroup.com\/#\/schema\/person\/b518b9c5f27b43c5fd69fdde85d7e8b0"},"potentialAction":[{"@type":"SearchAction","target":{"@type":"EntryPoint","urlTemplate":"https:\/\/rumitours.mistigroup.com\/?s={search_term_string}"},"query-input":{"@type":"PropertyValueSpecification","valueRequired":true,"valueName":"search_term_string"}}],"inLanguage":"en-US"},{"@type":["Person","Organization"],"@id":"https:\/\/rumitours.mistigroup.com\/#\/schema\/person\/b518b9c5f27b43c5fd69fdde85d7e8b0","name":"williamjeanpierre1231@gmail.com","image":{"@type":"ImageObject","inLanguage":"en-US","@id":"https:\/\/rumitours.mistigroup.com\/wp-content\/uploads\/2025\/09\/RUMI-TOURS-SVG-LOGO-100x100-TRANSPARENT-1.webp","url":"https:\/\/rumitours.mistigroup.com\/wp-content\/uploads\/2025\/09\/RUMI-TOURS-SVG-LOGO-100x100-TRANSPARENT-1.webp","contentUrl":"https:\/\/rumitours.mistigroup.com\/wp-content\/uploads\/2025\/09\/RUMI-TOURS-SVG-LOGO-100x100-TRANSPARENT-1.webp","width":100,"height":100,"caption":"williamjeanpierre1231@gmail.com"},"logo":{"@id":"https:\/\/rumitours.mistigroup.com\/wp-content\/uploads\/2025\/09\/RUMI-TOURS-SVG-LOGO-100x100-TRANSPARENT-1.webp"},"sameAs":["http:\/\/rumitours.mistigroup.com"]}]}},"_links":{"self":[{"href":"https:\/\/rumitours.mistigroup.com\/en\/wp-json\/wp\/v2\/pages\/410","targetHints":{"allow":["GET"]}}],"collection":[{"href":"https:\/\/rumitours.mistigroup.com\/en\/wp-json\/wp\/v2\/pages"}],"about":[{"href":"https:\/\/rumitours.mistigroup.com\/en\/wp-json\/wp\/v2\/types\/page"}],"author":[{"embeddable":true,"href":"https:\/\/rumitours.mistigroup.com\/en\/wp-json\/wp\/v2\/users\/1"}],"replies":[{"embeddable":true,"href":"https:\/\/rumitours.mistigroup.com\/en\/wp-json\/wp\/v2\/comments?post=410"}],"version-history":[{"count":4,"href":"https:\/\/rumitours.mistigroup.com\/en\/wp-json\/wp\/v2\/pages\/410\/revisions"}],"predecessor-version":[{"id":1877,"href":"https:\/\/rumitours.mistigroup.com\/en\/wp-json\/wp\/v2\/pages\/410\/revisions\/1877"}],"wp:featuredmedia":[{"embeddable":true,"href":"https:\/\/rumitours.mistigroup.com\/en\/wp-json\/wp\/v2\/media\/1873"}],"wp:attachment":[{"href":"https:\/\/rumitours.mistigroup.com\/en\/wp-json\/wp\/v2\/media?parent=410"}],"curies":[{"name":"wp","href":"https:\/\/api.w.org\/{rel}","templated":true}]}}